{"id":14209,"date":"2021-11-10T10:56:31","date_gmt":"2021-11-10T09:56:31","guid":{"rendered":"https:\/\/selleetools.com\/integracja-hurtowni\/"},"modified":"2024-07-15T23:06:48","modified_gmt":"2024-07-15T21:06:48","slug":"integracja-hurtowni","status":"publish","type":"page","link":"https:\/\/test2.selleetools.pl\/pl\/integracja-hurtowni\/","title":{"rendered":"Integracja Hurtowni"},"content":{"rendered":"\t\t<div data-elementor-type=\"wp-page\" data-elementor-id=\"14209\" class=\"elementor elementor-14209 elementor-7753\" data-elementor-settings=\"[]\">\n\t\t\t\t\t\t\t<div class=\"elementor-section-wrap\">\n\t\t\t\t\t\t\t<section class=\"elementor-section elementor-top-section elementor-element elementor-element-716c593 elementor-section-boxed elementor-section-height-default elementor-section-height-default\" data-id=\"716c593\" data-element_type=\"section\">\n\t\t\t\t\t\t<div class=\"elementor-container elementor-column-gap-default\">\n\t\t\t\t\t<div class=\"elementor-column elementor-col-50 elementor-top-column elementor-element elementor-element-31b3793\" data-id=\"31b3793\" data-element_type=\"column\">\n\t\t\t<div class=\"elementor-widget-wrap elementor-element-populated\">\n\t\t\t\t\t\t\t\t<div class=\"elementor-element elementor-element-d2923d2 elementor-widget elementor-widget-heading\" data-id=\"d2923d2\" data-element_type=\"widget\" data-widget_type=\"heading.default\">\n\t\t\t\t<div class=\"elementor-widget-container\">\n\t\t\t<h1 class=\"elementor-heading-title elementor-size-default\">Integracja Selleetools z ka\u017cd\u0105 hurtowni\u0105<\/h1>\t\t<\/div>\n\t\t\t\t<\/div>\n\t\t\t\t<div class=\"elementor-element elementor-element-5135d36 elementor-widget elementor-widget-text-editor\" data-id=\"5135d36\" data-element_type=\"widget\" data-widget_type=\"text-editor.default\">\n\t\t\t\t<div class=\"elementor-widget-container\">\n\t\t\t\t\t\t\t\t<p>Nawi\u0105\u017c automatyczn\u0105\u00a0<strong>wsp\u00f3\u0142prac\u0119 B2B<\/strong>\u00a0z\u00a0<strong>TOP Sellerami<\/strong>\u00a0z najwa\u017cniejszych marketplace\u2019\u00f3w m.in. Amazon, Ebay, Etsy, Allegro i inne!<\/p>\n\t\t\t\t\t\t<\/div>\n\t\t\t\t<\/div>\n\t\t\t\t\t<\/div>\n\t\t<\/div>\n\t\t\t\t<div class=\"elementor-column elementor-col-50 elementor-top-column elementor-element elementor-element-5a32438\" data-id=\"5a32438\" data-element_type=\"column\">\n\t\t\t<div class=\"elementor-widget-wrap elementor-element-populated\">\n\t\t\t\t\t\t\t\t<div class=\"elementor-element elementor-element-0371391 elementor-widget elementor-widget-image\" data-id=\"0371391\" data-element_type=\"widget\" data-widget_type=\"image.default\">\n\t\t\t\t<div class=\"elementor-widget-container\">\n\t\t\t\t\t\t\t\t\t\t\t\t\t\t\t<img width=\"1023\" height=\"823\" src=\"https:\/\/test2.selleetools.pl\/wp-content\/uploads\/2021\/10\/integracja-hutrownie.png\" class=\"attachment-large size-large\" alt=\"\" loading=\"lazy\" srcset=\"https:\/\/test2.selleetools.pl\/wp-content\/uploads\/2021\/10\/integracja-hutrownie.png 1023w, https:\/\/test2.selleetools.pl\/wp-content\/uploads\/2021\/10\/integracja-hutrownie-600x483.png 600w, https:\/\/test2.selleetools.pl\/wp-content\/uploads\/2021\/10\/integracja-hutrownie-300x241.png 300w, https:\/\/test2.selleetools.pl\/wp-content\/uploads\/2021\/10\/integracja-hutrownie-768x618.png 768w\" sizes=\"(max-width: 1023px) 100vw, 1023px\" \/>\t\t\t\t\t\t\t\t\t\t\t\t\t\t\t<\/div>\n\t\t\t\t<\/div>\n\t\t\t\t\t<\/div>\n\t\t<\/div>\n\t\t\t\t\t\t\t<\/div>\n\t\t<\/section>\n\t\t\t\t<section class=\"elementor-section elementor-top-section elementor-element elementor-element-7730b3f elementor-section-boxed elementor-section-height-default elementor-section-height-default\" data-id=\"7730b3f\" data-element_type=\"section\">\n\t\t\t\t\t\t<div class=\"elementor-container elementor-column-gap-default\">\n\t\t\t\t\t<div class=\"elementor-column elementor-col-50 elementor-top-column elementor-element elementor-element-3e4213b\" data-id=\"3e4213b\" data-element_type=\"column\">\n\t\t\t<div class=\"elementor-widget-wrap elementor-element-populated\">\n\t\t\t\t\t\t\t\t<div class=\"elementor-element elementor-element-d32de69 elementor-widget elementor-widget-heading\" data-id=\"d32de69\" data-element_type=\"widget\" data-widget_type=\"heading.default\">\n\t\t\t\t<div class=\"elementor-widget-container\">\n\t\t\t<h2 class=\"elementor-heading-title elementor-size-default\">Podstawowe korzy\u015bci integracji<\/h2>\t\t<\/div>\n\t\t\t\t<\/div>\n\t\t\t\t<div class=\"elementor-element elementor-element-65e343b elementor-icon-list--layout-traditional elementor-list-item-link-full_width elementor-widget elementor-widget-icon-list\" data-id=\"65e343b\" data-element_type=\"widget\" data-widget_type=\"icon-list.default\">\n\t\t\t\t<div class=\"elementor-widget-container\">\n\t\t\t\t\t<ul class=\"elementor-icon-list-items\">\n\t\t\t\t\t\t\t<li class=\"elementor-icon-list-item\">\n\t\t\t\t\t\t\t\t\t\t\t<span class=\"elementor-icon-list-icon\">\n\t\t\t\t\t\t\t<i aria-hidden=\"true\" class=\"fas fa-check\"><\/i>\t\t\t\t\t\t<\/span>\n\t\t\t\t\t\t\t\t\t\t<span class=\"elementor-icon-list-text\">Wsp\u00f3\u0142praca w formacie B2B<\/span>\n\t\t\t\t\t\t\t\t\t<\/li>\n\t\t\t\t\t\t\t\t<li class=\"elementor-icon-list-item\">\n\t\t\t\t\t\t\t\t\t\t\t<span class=\"elementor-icon-list-icon\">\n\t\t\t\t\t\t\t<i aria-hidden=\"true\" class=\"fas fa-check\"><\/i>\t\t\t\t\t\t<\/span>\n\t\t\t\t\t\t\t\t\t\t<span class=\"elementor-icon-list-text\">Auto-integracja Twoich produkt\u00f3w z kontami sprzeda\u017cowymi topowych sprzedawc\u00f3w na najwa\u017cniejszych marketplace\u2019ach<\/span>\n\t\t\t\t\t\t\t\t\t<\/li>\n\t\t\t\t\t\t\t\t<li class=\"elementor-icon-list-item\">\n\t\t\t\t\t\t\t\t\t\t\t<span class=\"elementor-icon-list-icon\">\n\t\t\t\t\t\t\t<i aria-hidden=\"true\" class=\"fas fa-check\"><\/i>\t\t\t\t\t\t<\/span>\n\t\t\t\t\t\t\t\t\t\t<span class=\"elementor-icon-list-text\">Pe\u0142na integracja Twoich magazyn\u00f3w wraz z aktualizacj\u0105 stan\u00f3w magazynowych w czasie rzeczywistym<\/span>\n\t\t\t\t\t\t\t\t\t<\/li>\n\t\t\t\t\t\t\t\t<li class=\"elementor-icon-list-item\">\n\t\t\t\t\t\t\t\t\t\t\t<span class=\"elementor-icon-list-icon\">\n\t\t\t\t\t\t\t<i aria-hidden=\"true\" class=\"fas fa-check\"><\/i>\t\t\t\t\t\t<\/span>\n\t\t\t\t\t\t\t\t\t\t<span class=\"elementor-icon-list-text\">Odsprzeda\u017c produkt\u00f3w po wy\u017cszej cenie na marketplace\u2019ach = brak dodatkowych koszt\u00f3w sprzeda\u017cy<\/span>\n\t\t\t\t\t\t\t\t\t<\/li>\n\t\t\t\t\t\t\t\t<li class=\"elementor-icon-list-item\">\n\t\t\t\t\t\t\t\t\t\t\t<span class=\"elementor-icon-list-icon\">\n\t\t\t\t\t\t\t<i aria-hidden=\"true\" class=\"fas fa-check\"><\/i>\t\t\t\t\t\t<\/span>\n\t\t\t\t\t\t\t\t\t\t<span class=\"elementor-icon-list-text\">Auto-przekazywanie zam\u00f3wie\u0144 do realizacji na Twoje konto sklepowe<\/span>\n\t\t\t\t\t\t\t\t\t<\/li>\n\t\t\t\t\t\t\t\t<li class=\"elementor-icon-list-item\">\n\t\t\t\t\t\t\t\t\t\t\t<span class=\"elementor-icon-list-icon\">\n\t\t\t\t\t\t\t<i aria-hidden=\"true\" class=\"fas fa-check\"><\/i>\t\t\t\t\t\t<\/span>\n\t\t\t\t\t\t\t\t\t\t<span class=\"elementor-icon-list-text\">\u015aledzenie wynik\u00f3w sprzeda\u017cy na dedykowanej platformie Selleetools<\/span>\n\t\t\t\t\t\t\t\t\t<\/li>\n\t\t\t\t\t\t<\/ul>\n\t\t\t\t<\/div>\n\t\t\t\t<\/div>\n\t\t\t\t\t<\/div>\n\t\t<\/div>\n\t\t\t\t<div class=\"elementor-column elementor-col-50 elementor-top-column elementor-element elementor-element-807c239\" data-id=\"807c239\" data-element_type=\"column\" data-settings=\"{&quot;background_background&quot;:&quot;classic&quot;}\">\n\t\t\t<div class=\"elementor-widget-wrap elementor-element-populated\">\n\t\t\t\t\t\t\t\t<div class=\"elementor-element elementor-element-7090b74 elementor-widget elementor-widget-heading\" data-id=\"7090b74\" data-element_type=\"widget\" data-widget_type=\"heading.default\">\n\t\t\t\t<div class=\"elementor-widget-container\">\n\t\t\t<h3 class=\"elementor-heading-title elementor-size-default\">Zapytaj o integracj\u0119 Twojej hurtowni<\/h3>\t\t<\/div>\n\t\t\t\t<\/div>\n\t\t\t\t<div class=\"elementor-element elementor-element-f21bee6 elementor-widget elementor-widget-html\" data-id=\"f21bee6\" data-element_type=\"widget\" data-widget_type=\"html.default\">\n\t\t\t\t<div class=\"elementor-widget-container\">\n\t\t\t<script charset=\"utf-8\" type=\"text\/javascript\" src=\"\/\/js-eu1.hsforms.net\/forms\/embed\/v2.js\"><\/script>\r\n<script>\r\n  hbspt.forms.create({\r\n    region: \"eu1\",\r\n    portalId: \"25046626\",\r\n    formId: \"e796d1ef-48af-4110-9e67-982c1eed02a2\"\r\n  });\r\n<\/script>\t\t<\/div>\n\t\t\t\t<\/div>\n\t\t\t\t<div class=\"elementor-element elementor-element-6df476c elementor-button-align-end elementor-hidden-desktop elementor-hidden-tablet elementor-hidden-phone elementor-widget elementor-widget-form\" data-id=\"6df476c\" data-element_type=\"widget\" data-settings=\"{&quot;step_next_label&quot;:&quot;Next&quot;,&quot;step_previous_label&quot;:&quot;Previous&quot;,&quot;button_width&quot;:&quot;100&quot;,&quot;step_type&quot;:&quot;number_text&quot;,&quot;step_icon_shape&quot;:&quot;circle&quot;}\" data-widget_type=\"form.default\">\n\t\t\t\t<div class=\"elementor-widget-container\">\n\t\t\t\t\t<form class=\"elementor-form\" method=\"post\" name=\"Hurtownie\">\n\t\t\t<input type=\"hidden\" name=\"post_id\" value=\"14209\"\/>\n\t\t\t<input type=\"hidden\" name=\"form_id\" value=\"6df476c\"\/>\n\t\t\t<input type=\"hidden\" name=\"referer_title\" value=\"Selleetools.com\" \/>\n\n\t\t\t\n\t\t\t<div class=\"elementor-form-fields-wrapper elementor-labels-above\">\n\t\t\t\t\t\t\t\t<div class=\"elementor-field-type-text elementor-field-group elementor-column elementor-field-group-name elementor-col-100\">\n\t\t\t\t\t<label for=\"form-field-name\" class=\"elementor-field-label\">Imi\u0119<\/label><input size=\"1\" type=\"text\" name=\"form_fields[name]\" id=\"form-field-name\" class=\"elementor-field elementor-size-sm  elementor-field-textual\" placeholder=\"Imi\u0119\">\t\t\t\t<\/div>\n\t\t\t\t\t\t\t\t<div class=\"elementor-field-type-text elementor-field-group elementor-column elementor-field-group-field_705545a elementor-col-100\">\n\t\t\t\t\t<label for=\"form-field-field_705545a\" class=\"elementor-field-label\">Nazwisko<\/label><input size=\"1\" type=\"text\" name=\"form_fields[field_705545a]\" id=\"form-field-field_705545a\" class=\"elementor-field elementor-size-sm  elementor-field-textual\" placeholder=\"Nazwisko\">\t\t\t\t<\/div>\n\t\t\t\t\t\t\t\t<div class=\"elementor-field-type-email elementor-field-group elementor-column elementor-field-group-email elementor-col-100 elementor-field-required\">\n\t\t\t\t\t<label for=\"form-field-email\" class=\"elementor-field-label\">E-mail *<\/label><input size=\"1\" type=\"email\" name=\"form_fields[email]\" id=\"form-field-email\" class=\"elementor-field elementor-size-sm  elementor-field-textual\" placeholder=\"Adres E-mail\" required=\"required\" aria-required=\"true\">\t\t\t\t<\/div>\n\t\t\t\t\t\t\t\t<div class=\"elementor-field-type-text elementor-field-group elementor-column elementor-field-group-field_93fdc31 elementor-col-100\">\n\t\t\t\t\t<label for=\"form-field-field_93fdc31\" class=\"elementor-field-label\">Firma<\/label><input size=\"1\" type=\"text\" name=\"form_fields[field_93fdc31]\" id=\"form-field-field_93fdc31\" class=\"elementor-field elementor-size-sm  elementor-field-textual\" placeholder=\"Firma\">\t\t\t\t<\/div>\n\t\t\t\t\t\t\t\t<div class=\"elementor-field-type-textarea elementor-field-group elementor-column elementor-field-group-message elementor-col-100\">\n\t\t\t\t\t<label for=\"form-field-message\" class=\"elementor-field-label\">Wiadomo\u015b\u0107<\/label><textarea class=\"elementor-field-textual elementor-field  elementor-size-sm\" name=\"form_fields[message]\" id=\"form-field-message\" rows=\"4\" placeholder=\"Wpisz tutaj wiadomo\u015b\u0107...\"><\/textarea>\t\t\t\t<\/div>\n\t\t\t\t\t\t\t\t<div class=\"elementor-field-type-recaptcha_v3 elementor-field-group elementor-column elementor-field-group-field_b1fe5f4 elementor-col-100 recaptcha_v3-bottomleft\">\n\t\t\t\t\t<div class=\"elementor-field\" id=\"form-field-field_b1fe5f4\"><div class=\"elementor-g-recaptcha\" data-sitekey=\"6LebLVgdAAAAAO0ULRF7pHn3r64ilX26ghcQZvr1\" data-type=\"v3\" data-action=\"Form\" data-badge=\"bottomleft\" data-size=\"invisible\"><\/div><\/div>\t\t\t\t<\/div>\n\t\t\t\t\t\t\t\t<div class=\"elementor-field-group elementor-column elementor-field-type-submit elementor-col-100 e-form__buttons\">\n\t\t\t\t\t<button type=\"submit\" class=\"elementor-button elementor-size-sm\">\n\t\t\t\t\t\t<span >\n\t\t\t\t\t\t\t\t\t\t\t\t\t\t\t<span class=\" elementor-button-icon\">\n\t\t\t\t\t\t\t\t\t\t\t\t\t\t\t\t\t\t\t\t\t\t\t\t\t\t<\/span>\n\t\t\t\t\t\t\t\t\t\t\t\t\t\t\t\t\t\t\t\t\t\t<span class=\"elementor-button-text\">Wy\u015blij<\/span>\n\t\t\t\t\t\t\t\t\t\t\t\t\t<\/span>\n\t\t\t\t\t<\/button>\n\t\t\t\t<\/div>\n\t\t\t<\/div>\n\t\t<\/form>\n\t\t\t\t<\/div>\n\t\t\t\t<\/div>\n\t\t\t\t<div class=\"elementor-element elementor-element-fc1e580 elementor-hidden-desktop elementor-hidden-tablet elementor-hidden-phone elementor-widget elementor-widget-text-editor\" data-id=\"fc1e580\" data-element_type=\"widget\" data-widget_type=\"text-editor.default\">\n\t\t\t\t<div class=\"elementor-widget-container\">\n\t\t\t\t\t\t\t\t<p>*Pole wymagane<\/p>\n<p>Dane wpisane w formularzu kontaktowym b\u0119d\u0105 wykorzystane do jednorazowego kontaktu i nie b\u0119d\u0105 przetwarzane.<\/p>\n\t\t\t\t\t\t<\/div>\n\t\t\t\t<\/div>\n\t\t\t\t\t<\/div>\n\t\t<\/div>\n\t\t\t\t\t\t\t<\/div>\n\t\t<\/section>\n\t\t\t\t\t\t<\/div>\n\t\t\t\t\t<\/div>\n\t\t","protected":false},"excerpt":{"rendered":"<p>Integracja Selleetools z ka\u017cd\u0105 hurtowni\u0105 Nawi\u0105\u017c automatyczn\u0105\u00a0wsp\u00f3\u0142prac\u0119 B2B\u00a0z\u00a0TOP Sellerami\u00a0z najwa\u017cniejszych marketplace\u2019\u00f3w m.in. Amazon, Ebay, Etsy, Allegro i inne! Podstawowe korzy\u015bci integracji Wsp\u00f3\u0142praca w formacie B2B Auto-integracja Twoich produkt\u00f3w z kontami sprzeda\u017cowymi topowych sprzedawc\u00f3w na najwa\u017cniejszych marketplace\u2019ach Pe\u0142na integracja Twoich magazyn\u00f3w wraz z aktualizacj\u0105 stan\u00f3w magazynowych w czasie rzeczywistym Odsprzeda\u017c produkt\u00f3w po wy\u017cszej cenie na marketplace\u2019ach &#8230; <a title=\"Integracja Hurtowni\" class=\"read-more\" href=\"https:\/\/test2.selleetools.pl\/pl\/integracja-hurtowni\/\">Read more<span class=\"screen-reader-text\">Integracja Hurtowni<\/span><\/a><\/p>\n","protected":false},"author":1,"featured_media":0,"parent":0,"menu_order":0,"comment_status":"closed","ping_status":"closed","template":"page-template\/template-full-width.php","meta":{"_links_to":"","_links_to_target":""},"yoast_head":"<!-- This site is optimized with the Yoast SEO plugin v19.4 - https:\/\/yoast.com\/wordpress\/plugins\/seo\/ -->\n<title>Integracja Hurtowni - Selleetools.com<\/title>\n<meta name=\"robots\" content=\"index, follow, max-snippet:-1, max-image-preview:large, max-video-preview:-1\" \/>\n<link rel=\"canonical\" href=\"https:\/\/selleetools.com\/pl\/integracja-hurtowni\/\" \/>\n<meta property=\"og:locale\" content=\"pl_PL\" \/>\n<meta property=\"og:type\" content=\"article\" \/>\n<meta property=\"og:title\" content=\"Integracja Hurtowni - Selleetools.com\" \/>\n<meta property=\"og:description\" content=\"Integracja Selleetools z ka\u017cd\u0105 hurtowni\u0105 Nawi\u0105\u017c automatyczn\u0105\u00a0wsp\u00f3\u0142prac\u0119 B2B\u00a0z\u00a0TOP Sellerami\u00a0z najwa\u017cniejszych marketplace\u2019\u00f3w m.in. Amazon, Ebay, Etsy, Allegro i inne! Podstawowe korzy\u015bci integracji Wsp\u00f3\u0142praca w formacie B2B Auto-integracja Twoich produkt\u00f3w z kontami sprzeda\u017cowymi topowych sprzedawc\u00f3w na najwa\u017cniejszych marketplace\u2019ach Pe\u0142na integracja Twoich magazyn\u00f3w wraz z aktualizacj\u0105 stan\u00f3w magazynowych w czasie rzeczywistym Odsprzeda\u017c produkt\u00f3w po wy\u017cszej cenie na marketplace\u2019ach ... Read moreIntegracja Hurtowni\" \/>\n<meta property=\"og:url\" content=\"https:\/\/selleetools.com\/pl\/integracja-hurtowni\/\" \/>\n<meta property=\"og:site_name\" content=\"Selleetools.com\" \/>\n<meta property=\"article:modified_time\" content=\"2024-07-15T21:06:48+00:00\" \/>\n<meta property=\"og:image\" content=\"https:\/\/selleetools.com\/wp-content\/uploads\/2021\/10\/integracja-hutrownie.png\" \/>\n<meta name=\"twitter:card\" content=\"summary_large_image\" \/>\n<meta name=\"twitter:label1\" content=\"Est. reading time\" \/>\n\t<meta name=\"twitter:data1\" content=\"1 minuta\" \/>\n<!-- \/ Yoast SEO plugin. -->","yoast_head_json":{"title":"Integracja Hurtowni - Selleetools.com","robots":{"index":"index","follow":"follow","max-snippet":"max-snippet:-1","max-image-preview":"max-image-preview:large","max-video-preview":"max-video-preview:-1"},"canonical":"https:\/\/selleetools.com\/pl\/integracja-hurtowni\/","og_locale":"pl_PL","og_type":"article","og_title":"Integracja Hurtowni - Selleetools.com","og_description":"Integracja Selleetools z ka\u017cd\u0105 hurtowni\u0105 Nawi\u0105\u017c automatyczn\u0105\u00a0wsp\u00f3\u0142prac\u0119 B2B\u00a0z\u00a0TOP Sellerami\u00a0z najwa\u017cniejszych marketplace\u2019\u00f3w m.in. Amazon, Ebay, Etsy, Allegro i inne! Podstawowe korzy\u015bci integracji Wsp\u00f3\u0142praca w formacie B2B Auto-integracja Twoich produkt\u00f3w z kontami sprzeda\u017cowymi topowych sprzedawc\u00f3w na najwa\u017cniejszych marketplace\u2019ach Pe\u0142na integracja Twoich magazyn\u00f3w wraz z aktualizacj\u0105 stan\u00f3w magazynowych w czasie rzeczywistym Odsprzeda\u017c produkt\u00f3w po wy\u017cszej cenie na marketplace\u2019ach ... Read moreIntegracja Hurtowni","og_url":"https:\/\/selleetools.com\/pl\/integracja-hurtowni\/","og_site_name":"Selleetools.com","article_modified_time":"2024-07-15T21:06:48+00:00","og_image":[{"url":"https:\/\/selleetools.com\/wp-content\/uploads\/2021\/10\/integracja-hutrownie.png"}],"twitter_card":"summary_large_image","twitter_misc":{"Est. reading time":"1 minuta"},"schema":{"@context":"https:\/\/schema.org","@graph":[{"@type":"Organization","@id":"https:\/\/selleetools.com\/#organization","name":"Selleetools","url":"https:\/\/selleetools.com\/","sameAs":[],"logo":{"@type":"ImageObject","inLanguage":"pl-PL","@id":"https:\/\/selleetools.com\/#\/schema\/logo\/image\/","url":"https:\/\/selleetools.com\/wp-content\/uploads\/2021\/10\/logo-dark.png","contentUrl":"https:\/\/selleetools.com\/wp-content\/uploads\/2021\/10\/logo-dark.png","width":320,"height":76,"caption":"Selleetools"},"image":{"@id":"https:\/\/selleetools.com\/#\/schema\/logo\/image\/"}},{"@type":"WebSite","@id":"https:\/\/selleetools.com\/#website","url":"https:\/\/selleetools.com\/","name":"Selleetools.com","description":"","publisher":{"@id":"https:\/\/selleetools.com\/#organization"},"potentialAction":[{"@type":"SearchAction","target":{"@type":"EntryPoint","urlTemplate":"https:\/\/selleetools.com\/?s={search_term_string}"},"query-input":"required name=search_term_string"}],"inLanguage":"pl-PL"},{"@type":"WebPage","@id":"https:\/\/selleetools.com\/pl\/integracja-hurtowni\/","url":"https:\/\/selleetools.com\/pl\/integracja-hurtowni\/","name":"Integracja Hurtowni - Selleetools.com","isPartOf":{"@id":"https:\/\/selleetools.com\/#website"},"datePublished":"2021-11-10T09:56:31+00:00","dateModified":"2024-07-15T21:06:48+00:00","breadcrumb":{"@id":"https:\/\/selleetools.com\/pl\/integracja-hurtowni\/#breadcrumb"},"inLanguage":"pl-PL","potentialAction":[{"@type":"ReadAction","target":["https:\/\/selleetools.com\/pl\/integracja-hurtowni\/"]}]},{"@type":"BreadcrumbList","@id":"https:\/\/selleetools.com\/pl\/integracja-hurtowni\/#breadcrumb","itemListElement":[{"@type":"ListItem","position":1,"name":"Home","item":"https:\/\/selleetools.com\/pl\/"},{"@type":"ListItem","position":2,"name":"Integracja Hurtowni"}]}]}},"_links":{"self":[{"href":"https:\/\/test2.selleetools.pl\/pl\/wp-json\/wp\/v2\/pages\/14209"}],"collection":[{"href":"https:\/\/test2.selleetools.pl\/pl\/wp-json\/wp\/v2\/pages"}],"about":[{"href":"https:\/\/test2.selleetools.pl\/pl\/wp-json\/wp\/v2\/types\/page"}],"author":[{"embeddable":true,"href":"https:\/\/test2.selleetools.pl\/pl\/wp-json\/wp\/v2\/users\/1"}],"replies":[{"embeddable":true,"href":"https:\/\/test2.selleetools.pl\/pl\/wp-json\/wp\/v2\/comments?post=14209"}],"version-history":[{"count":17,"href":"https:\/\/test2.selleetools.pl\/pl\/wp-json\/wp\/v2\/pages\/14209\/revisions"}],"predecessor-version":[{"id":348092,"href":"https:\/\/test2.selleetools.pl\/pl\/wp-json\/wp\/v2\/pages\/14209\/revisions\/348092"}],"wp:attachment":[{"href":"https:\/\/test2.selleetools.pl\/pl\/wp-json\/wp\/v2\/media?parent=14209"}],"curies":[{"name":"wp","href":"https:\/\/api.w.org\/{rel}","templated":true}]}}