{"id":352247,"date":"2024-08-27T12:24:18","date_gmt":"2024-08-27T10:24:18","guid":{"rendered":"https:\/\/selleetools.com\/dziekujemy\/"},"modified":"2024-08-27T12:24:18","modified_gmt":"2024-08-27T10:24:18","slug":"dziekujemy","status":"publish","type":"page","link":"https:\/\/test2.selleetools.pl\/pl\/dziekujemy\/","title":{"rendered":"Dzi\u0119kujemy"},"content":{"rendered":"\t\t<div data-elementor-type=\"wp-page\" data-elementor-id=\"352247\" class=\"elementor elementor-352247 elementor-351676\" data-elementor-settings=\"[]\">\n\t\t\t\t\t\t\t<div class=\"elementor-section-wrap\">\n\t\t\t\t\t\t\t<section class=\"elementor-section elementor-top-section elementor-element elementor-element-7dfd1b1a elementor-section-boxed elementor-section-height-default elementor-section-height-default\" data-id=\"7dfd1b1a\" data-element_type=\"section\">\n\t\t\t\t\t\t<div class=\"elementor-container elementor-column-gap-default\">\n\t\t\t\t\t<div class=\"elementor-column elementor-col-100 elementor-top-column elementor-element elementor-element-7ce75f93\" data-id=\"7ce75f93\" data-element_type=\"column\">\n\t\t\t<div class=\"elementor-widget-wrap elementor-element-populated\">\n\t\t\t\t\t\t\t\t<div class=\"elementor-element elementor-element-69b7b54 elementor-widget elementor-widget-image\" data-id=\"69b7b54\" data-element_type=\"widget\" data-widget_type=\"image.default\">\n\t\t\t\t<div class=\"elementor-widget-container\">\n\t\t\t\t\t\t\t\t\t\t\t\t\t\t\t<img width=\"320\" height=\"76\" src=\"https:\/\/test2.selleetools.pl\/wp-content\/uploads\/2024\/01\/selleetools-logo-dark.png\" class=\"attachment-large size-large\" alt=\"\" loading=\"lazy\" srcset=\"https:\/\/test2.selleetools.pl\/wp-content\/uploads\/2024\/01\/selleetools-logo-dark.png 320w, https:\/\/test2.selleetools.pl\/wp-content\/uploads\/2024\/01\/selleetools-logo-dark-300x71.png 300w\" sizes=\"(max-width: 320px) 100vw, 320px\" \/>\t\t\t\t\t\t\t\t\t\t\t\t\t\t\t<\/div>\n\t\t\t\t<\/div>\n\t\t\t\t<div class=\"elementor-element elementor-element-4dfc380c elementor-widget elementor-widget-text-editor\" data-id=\"4dfc380c\" data-element_type=\"widget\" data-widget_type=\"text-editor.default\">\n\t\t\t\t<div class=\"elementor-widget-container\">\n\t\t\t\t\t\t\t\t<p><strong>Dzi\u0119kujemy za przes\u0142anie formularza!<\/strong><\/p>\n<p><strong>Skontaktujemy si\u0119 tak szybko jak to mo\u017cliwe.<\/strong><\/p>\n\t\t\t\t\t\t<\/div>\n\t\t\t\t<\/div>\n\t\t\t\t\t<\/div>\n\t\t<\/div>\n\t\t\t\t\t\t\t<\/div>\n\t\t<\/section>\n\t\t\t\t\t\t<\/div>\n\t\t\t\t\t<\/div>\n\t\t","protected":false},"excerpt":{"rendered":"<p>Dzi\u0119kujemy za przes\u0142anie formularza! Skontaktujemy si\u0119 tak szybko jak to mo\u017cliwe.<\/p>\n","protected":false},"author":1,"featured_media":0,"parent":0,"menu_order":0,"comment_status":"closed","ping_status":"closed","template":"","meta":{"_links_to":"","_links_to_target":""},"yoast_head":"<!-- This site is optimized with the Yoast SEO plugin v19.4 - https:\/\/yoast.com\/wordpress\/plugins\/seo\/ -->\n<title>Dzi\u0119kujemy - Selleetools.com<\/title>\n<meta name=\"robots\" content=\"index, follow, max-snippet:-1, max-image-preview:large, max-video-preview:-1\" \/>\n<link rel=\"canonical\" href=\"https:\/\/test2.selleetools.pl\/pl\/dziekujemy\/\" \/>\n<meta property=\"og:locale\" content=\"pl_PL\" \/>\n<meta property=\"og:type\" content=\"article\" \/>\n<meta property=\"og:title\" content=\"Dzi\u0119kujemy - Selleetools.com\" \/>\n<meta property=\"og:description\" content=\"Dzi\u0119kujemy za przes\u0142anie formularza! Skontaktujemy si\u0119 tak szybko jak to mo\u017cliwe.\" \/>\n<meta property=\"og:url\" content=\"https:\/\/test2.selleetools.pl\/pl\/dziekujemy\/\" \/>\n<meta property=\"og:site_name\" content=\"Selleetools.com\" \/>\n<meta property=\"og:image\" content=\"https:\/\/selleetools.com\/wp-content\/uploads\/2024\/01\/selleetools-logo-dark.png\" \/>\n<meta name=\"twitter:card\" content=\"summary_large_image\" \/>\n<!-- \/ Yoast SEO plugin. -->","yoast_head_json":{"title":"Dzi\u0119kujemy - Selleetools.com","robots":{"index":"index","follow":"follow","max-snippet":"max-snippet:-1","max-image-preview":"max-image-preview:large","max-video-preview":"max-video-preview:-1"},"canonical":"https:\/\/test2.selleetools.pl\/pl\/dziekujemy\/","og_locale":"pl_PL","og_type":"article","og_title":"Dzi\u0119kujemy - Selleetools.com","og_description":"Dzi\u0119kujemy za przes\u0142anie formularza! Skontaktujemy si\u0119 tak szybko jak to mo\u017cliwe.","og_url":"https:\/\/test2.selleetools.pl\/pl\/dziekujemy\/","og_site_name":"Selleetools.com","og_image":[{"url":"https:\/\/selleetools.com\/wp-content\/uploads\/2024\/01\/selleetools-logo-dark.png"}],"twitter_card":"summary_large_image","schema":{"@context":"https:\/\/schema.org","@graph":[{"@type":"Organization","@id":"https:\/\/selleetools.com\/#organization","name":"Selleetools","url":"https:\/\/selleetools.com\/","sameAs":[],"logo":{"@type":"ImageObject","inLanguage":"pl-PL","@id":"https:\/\/selleetools.com\/#\/schema\/logo\/image\/","url":"https:\/\/selleetools.com\/wp-content\/uploads\/2021\/10\/logo-dark.png","contentUrl":"https:\/\/selleetools.com\/wp-content\/uploads\/2021\/10\/logo-dark.png","width":320,"height":76,"caption":"Selleetools"},"image":{"@id":"https:\/\/selleetools.com\/#\/schema\/logo\/image\/"}},{"@type":"WebSite","@id":"https:\/\/selleetools.com\/#website","url":"https:\/\/selleetools.com\/","name":"Selleetools.com","description":"","publisher":{"@id":"https:\/\/selleetools.com\/#organization"},"potentialAction":[{"@type":"SearchAction","target":{"@type":"EntryPoint","urlTemplate":"https:\/\/selleetools.com\/?s={search_term_string}"},"query-input":"required name=search_term_string"}],"inLanguage":"pl-PL"},{"@type":"WebPage","@id":"https:\/\/test2.selleetools.pl\/pl\/dziekujemy\/","url":"https:\/\/test2.selleetools.pl\/pl\/dziekujemy\/","name":"Dzi\u0119kujemy - Selleetools.com","isPartOf":{"@id":"https:\/\/selleetools.com\/#website"},"datePublished":"2024-08-27T10:24:18+00:00","dateModified":"2024-08-27T10:24:18+00:00","breadcrumb":{"@id":"https:\/\/test2.selleetools.pl\/pl\/dziekujemy\/#breadcrumb"},"inLanguage":"pl-PL","potentialAction":[{"@type":"ReadAction","target":["https:\/\/test2.selleetools.pl\/pl\/dziekujemy\/"]}]},{"@type":"BreadcrumbList","@id":"https:\/\/test2.selleetools.pl\/pl\/dziekujemy\/#breadcrumb","itemListElement":[{"@type":"ListItem","position":1,"name":"Home","item":"https:\/\/selleetools.com\/pl\/"},{"@type":"ListItem","position":2,"name":"Dzi\u0119kujemy"}]}]}},"_links":{"self":[{"href":"https:\/\/test2.selleetools.pl\/pl\/wp-json\/wp\/v2\/pages\/352247"}],"collection":[{"href":"https:\/\/test2.selleetools.pl\/pl\/wp-json\/wp\/v2\/pages"}],"about":[{"href":"https:\/\/test2.selleetools.pl\/pl\/wp-json\/wp\/v2\/types\/page"}],"author":[{"embeddable":true,"href":"https:\/\/test2.selleetools.pl\/pl\/wp-json\/wp\/v2\/users\/1"}],"replies":[{"embeddable":true,"href":"https:\/\/test2.selleetools.pl\/pl\/wp-json\/wp\/v2\/comments?post=352247"}],"version-history":[{"count":1,"href":"https:\/\/test2.selleetools.pl\/pl\/wp-json\/wp\/v2\/pages\/352247\/revisions"}],"predecessor-version":[{"id":352248,"href":"https:\/\/test2.selleetools.pl\/pl\/wp-json\/wp\/v2\/pages\/352247\/revisions\/352248"}],"wp:attachment":[{"href":"https:\/\/test2.selleetools.pl\/pl\/wp-json\/wp\/v2\/media?parent=352247"}],"curies":[{"name":"wp","href":"https:\/\/api.w.org\/{rel}","templated":true}]}}